{"id":22,"date":"2024-05-30T10:28:34","date_gmt":"2024-05-30T08:28:34","guid":{"rendered":"https:\/\/chrysal-id.synology.me\/chrysal-id\/?page_id=22"},"modified":"2024-06-04T12:36:19","modified_gmt":"2024-06-04T10:36:19","slug":"galerie-photos","status":"publish","type":"page","link":"https:\/\/chrysal-id.synology.me\/chrysal-id\/?page_id=22","title":{"rendered":"Galerie Photos"},"content":{"rendered":"\n<div style=\"height:var(--wp--preset--spacing--50)\" aria-hidden=\"true\" class=\"wp-block-spacer\"><\/div>\n\n\n\n<div class=\"wp-block-group alignwide\"><div class=\"wp-block-group__inner-container is-layout-constrained wp-block-group-is-layout-constrained\">\n<h1 class=\"wp-block-heading alignwide has-xx-large-font-size\" style=\"line-height:1.2\">Je suis <em>Leia Acosta<\/em>, une photographe passionn\u00e9e qui trouve son inspiration en capturant la beaut\u00e9 \u00e9ph\u00e9m\u00e8re de la vie.<\/h1>\n<\/div><\/div>\n\n\n\n<div class=\"wp-block-group is-nowrap is-layout-flex wp-container-core-group-is-layout-3 wp-block-group-is-layout-flex\">\n<div class=\"wp-block-group alignfull\" style=\"margin-top:0;margin-bottom:0;padding-top:var(--wp--preset--spacing--50);padding-right:var(--wp--preset--spacing--50);padding-bottom:var(--wp--preset--spacing--50);padding-left:var(--wp--preset--spacing--50)\"><div class=\"wp-block-group__inner-container is-layout-constrained wp-block-group-is-layout-constrained\">\n<div class=\"wp-block-columns alignwide is-layout-flex wp-container-core-columns-is-layout-1 wp-block-columns-is-layout-flex\" style=\"margin-top:0;margin-bottom:0\">\n<div class=\"wp-block-column is-layout-flow wp-block-column-is-layout-flow\">\n\n\n<div style=\"height:var(--wp--preset--spacing--50)\" aria-hidden=\"true\" class=\"wp-block-spacer\"><\/div>\n\n\n\n\n\n<div style=\"height:var(--wp--preset--spacing--50)\" aria-hidden=\"true\" class=\"wp-block-spacer\"><\/div>\n\n\n<\/div>\n\n\n\n<div class=\"wp-block-column is-layout-flow wp-block-column-is-layout-flow\">\n<div style=\"height:var(--wp--preset--spacing--50)\" aria-hidden=\"true\" class=\"wp-block-spacer\"><\/div>\n\n\n\n\n\n<div style=\"height:var(--wp--preset--spacing--50)\" aria-hidden=\"true\" class=\"wp-block-spacer\"><\/div>\n\n\n\n\n\n<div style=\"height:var(--wp--preset--spacing--50)\" aria-hidden=\"true\" class=\"wp-block-spacer\"><\/div>\n\n\n<\/div>\n\n\n\n<div class=\"wp-block-column is-layout-flow wp-block-column-is-layout-flow\">\n\n\n<div style=\"height:var(--wp--preset--spacing--50)\" aria-hidden=\"true\" class=\"wp-block-spacer\"><\/div>\n\n\n\n\n\n<div style=\"height:var(--wp--preset--spacing--50)\" aria-hidden=\"true\" class=\"wp-block-spacer\"><\/div>\n\n\n<\/div>\n\n\n\n<div class=\"wp-block-column is-layout-flow wp-block-column-is-layout-flow\">\n<div style=\"height:var(--wp--preset--spacing--50)\" aria-hidden=\"true\" class=\"wp-block-spacer\"><\/div>\n\n\n\n\n\n<div style=\"height:var(--wp--preset--spacing--50)\" aria-hidden=\"true\" class=\"wp-block-spacer\"><\/div>\n\n\n\n\n\n<div style=\"height:var(--wp--preset--spacing--50)\" aria-hidden=\"true\" class=\"wp-block-spacer\"><\/div>\n\n\n<\/div>\n<\/div>\n<\/div><\/div>\n\n\n\n<figure class=\"wp-block-image size-large is-resized\"><img fetchpriority=\"high\" decoding=\"async\" width=\"461\" height=\"1024\" src=\"https:\/\/chrysal-id.synology.me\/chrysal-id\/wp-content\/uploads\/2024\/06\/20240112_094540-461x1024.jpg\" alt=\"\" class=\"wp-image-7894\" style=\"width:364px;height:auto\" srcset=\"https:\/\/chrysal-id.synology.me\/chrysal-id\/wp-content\/uploads\/2024\/06\/20240112_094540-461x1024.jpg 461w, https:\/\/chrysal-id.synology.me\/chrysal-id\/wp-content\/uploads\/2024\/06\/20240112_094540-135x300.jpg 135w, https:\/\/chrysal-id.synology.me\/chrysal-id\/wp-content\/uploads\/2024\/06\/20240112_094540-768x1707.jpg 768w, https:\/\/chrysal-id.synology.me\/chrysal-id\/wp-content\/uploads\/2024\/06\/20240112_094540-691x1536.jpg 691w, https:\/\/chrysal-id.synology.me\/chrysal-id\/wp-content\/uploads\/2024\/06\/20240112_094540-922x2048.jpg 922w, https:\/\/chrysal-id.synology.me\/chrysal-id\/wp-content\/uploads\/2024\/06\/20240112_094540-scaled.jpg 1152w\" sizes=\"(max-width: 461px) 100vw, 461px\" \/><\/figure>\n<\/div>\n\n\n\n<div class=\"wp-block-group\"><div class=\"wp-block-group__inner-container is-layout-constrained wp-block-group-is-layout-constrained\">\n<figure class=\"wp-block-image size-full\"><img decoding=\"async\" width=\"1152\" height=\"2560\" src=\"https:\/\/chrysal-id.synology.me\/chrysal-id\/wp-content\/uploads\/2024\/06\/20240112_094540-1-scaled.jpg\" alt=\"\" class=\"wp-image-7895\" style=\"aspect-ratio:9\/16;object-fit:cover\" srcset=\"https:\/\/chrysal-id.synology.me\/chrysal-id\/wp-content\/uploads\/2024\/06\/20240112_094540-1-scaled.jpg 1152w, https:\/\/chrysal-id.synology.me\/chrysal-id\/wp-content\/uploads\/2024\/06\/20240112_094540-1-135x300.jpg 135w, https:\/\/chrysal-id.synology.me\/chrysal-id\/wp-content\/uploads\/2024\/06\/20240112_094540-1-461x1024.jpg 461w, https:\/\/chrysal-id.synology.me\/chrysal-id\/wp-content\/uploads\/2024\/06\/20240112_094540-1-768x1707.jpg 768w, https:\/\/chrysal-id.synology.me\/chrysal-id\/wp-content\/uploads\/2024\/06\/20240112_094540-1-691x1536.jpg 691w, https:\/\/chrysal-id.synology.me\/chrysal-id\/wp-content\/uploads\/2024\/06\/20240112_094540-1-922x2048.jpg 922w\" sizes=\"(max-width: 767px) 89vw, (max-width: 1000px) 54vw, (max-width: 1071px) 543px, 580px\" \/><\/figure>\n<\/div><\/div>\n","protected":false},"excerpt":{"rendered":"<p>Je suis Leia Acosta, une photographe passionn\u00e9e qui trouve son inspiration en capturant la beaut\u00e9 \u00e9ph\u00e9m\u00e8re de la vie.<\/p>\n","protected":false},"author":2,"featured_media":0,"parent":0,"menu_order":0,"comment_status":"closed","ping_status":"closed","template":"","meta":{"footnotes":""},"yoast_head":"<!-- This site is optimized with the Yoast SEO plugin v22.8 - https:\/\/yoast.com\/wordpress\/plugins\/seo\/ -->\n<title>Galerie Photos -<\/title>\n<meta name=\"robots\" content=\"noindex, follow, max-snippet:-1, max-image-preview:large, max-video-preview:-1\" \/>\n<meta property=\"og:locale\" content=\"fr_FR\" \/>\n<meta property=\"og:type\" content=\"article\" \/>\n<meta property=\"og:title\" content=\"Galerie Photos -\" \/>\n<meta property=\"og:description\" content=\"Je suis Leia Acosta, une photographe passionn\u00e9e qui trouve son inspiration en capturant la beaut\u00e9 \u00e9ph\u00e9m\u00e8re de la vie.\" \/>\n<meta property=\"og:url\" content=\"https:\/\/chrysal-id.synology.me\/chrysal-id\/?page_id=22\" \/>\n<meta property=\"article:modified_time\" content=\"2024-06-04T10:36:19+00:00\" \/>\n<meta property=\"og:image\" content=\"https:\/\/chrysal-id.synology.me\/chrysal-id\/wp-content\/uploads\/2024\/06\/20240112_094540-461x1024.jpg\" \/>\n<meta name=\"twitter:card\" content=\"summary_large_image\" \/>\n<meta name=\"twitter:label1\" content=\"Dur\u00e9e de lecture estim\u00e9e\" \/>\n\t<meta name=\"twitter:data1\" content=\"3 minutes\" \/>\n<script type=\"application\/ld+json\" class=\"yoast-schema-graph\">{\"@context\":\"https:\/\/schema.org\",\"@graph\":[{\"@type\":\"WebPage\",\"@id\":\"https:\/\/chrysal-id.synology.me\/chrysal-id\/?page_id=22\",\"url\":\"https:\/\/chrysal-id.synology.me\/chrysal-id\/?page_id=22\",\"name\":\"Galerie Photos -\",\"isPartOf\":{\"@id\":\"https:\/\/chrysal-id.synology.me\/chrysal-id\/#website\"},\"primaryImageOfPage\":{\"@id\":\"https:\/\/chrysal-id.synology.me\/chrysal-id\/?page_id=22#primaryimage\"},\"image\":{\"@id\":\"https:\/\/chrysal-id.synology.me\/chrysal-id\/?page_id=22#primaryimage\"},\"thumbnailUrl\":\"https:\/\/chrysal-id.synology.me\/chrysal-id\/wp-content\/uploads\/2024\/06\/20240112_094540-461x1024.jpg\",\"datePublished\":\"2024-05-30T08:28:34+00:00\",\"dateModified\":\"2024-06-04T10:36:19+00:00\",\"breadcrumb\":{\"@id\":\"https:\/\/chrysal-id.synology.me\/chrysal-id\/?page_id=22#breadcrumb\"},\"inLanguage\":\"fr-FR\",\"potentialAction\":[{\"@type\":\"ReadAction\",\"target\":[\"https:\/\/chrysal-id.synology.me\/chrysal-id\/?page_id=22\"]}]},{\"@type\":\"ImageObject\",\"inLanguage\":\"fr-FR\",\"@id\":\"https:\/\/chrysal-id.synology.me\/chrysal-id\/?page_id=22#primaryimage\",\"url\":\"https:\/\/chrysal-id.synology.me\/chrysal-id\/wp-content\/uploads\/2024\/06\/20240112_094540-scaled.jpg\",\"contentUrl\":\"https:\/\/chrysal-id.synology.me\/chrysal-id\/wp-content\/uploads\/2024\/06\/20240112_094540-scaled.jpg\",\"width\":1152,\"height\":2560},{\"@type\":\"BreadcrumbList\",\"@id\":\"https:\/\/chrysal-id.synology.me\/chrysal-id\/?page_id=22#breadcrumb\",\"itemListElement\":[{\"@type\":\"ListItem\",\"position\":1,\"name\":\"Accueil\",\"item\":\"https:\/\/chrysal-id.synology.me\/chrysal-id\/\"},{\"@type\":\"ListItem\",\"position\":2,\"name\":\"Galerie Photos\"}]},{\"@type\":\"WebSite\",\"@id\":\"https:\/\/chrysal-id.synology.me\/chrysal-id\/#website\",\"url\":\"https:\/\/chrysal-id.synology.me\/chrysal-id\/\",\"name\":\"\",\"description\":\"Collaborons ensemble pour donner vie \u00e0 vos projets les plus ambitieux !\",\"potentialAction\":[{\"@type\":\"SearchAction\",\"target\":{\"@type\":\"EntryPoint\",\"urlTemplate\":\"https:\/\/chrysal-id.synology.me\/chrysal-id\/?s={search_term_string}\"},\"query-input\":\"required name=search_term_string\"}],\"inLanguage\":\"fr-FR\"}]}<\/script>\n<!-- \/ Yoast SEO plugin. -->","yoast_head_json":{"title":"Galerie Photos -","robots":{"index":"noindex","follow":"follow","max-snippet":"max-snippet:-1","max-image-preview":"max-image-preview:large","max-video-preview":"max-video-preview:-1"},"og_locale":"fr_FR","og_type":"article","og_title":"Galerie Photos -","og_description":"Je suis Leia Acosta, une photographe passionn\u00e9e qui trouve son inspiration en capturant la beaut\u00e9 \u00e9ph\u00e9m\u00e8re de la vie.","og_url":"https:\/\/chrysal-id.synology.me\/chrysal-id\/?page_id=22","article_modified_time":"2024-06-04T10:36:19+00:00","og_image":[{"url":"https:\/\/chrysal-id.synology.me\/chrysal-id\/wp-content\/uploads\/2024\/06\/20240112_094540-461x1024.jpg"}],"twitter_card":"summary_large_image","twitter_misc":{"Dur\u00e9e de lecture estim\u00e9e":"3 minutes"},"schema":{"@context":"https:\/\/schema.org","@graph":[{"@type":"WebPage","@id":"https:\/\/chrysal-id.synology.me\/chrysal-id\/?page_id=22","url":"https:\/\/chrysal-id.synology.me\/chrysal-id\/?page_id=22","name":"Galerie Photos -","isPartOf":{"@id":"https:\/\/chrysal-id.synology.me\/chrysal-id\/#website"},"primaryImageOfPage":{"@id":"https:\/\/chrysal-id.synology.me\/chrysal-id\/?page_id=22#primaryimage"},"image":{"@id":"https:\/\/chrysal-id.synology.me\/chrysal-id\/?page_id=22#primaryimage"},"thumbnailUrl":"https:\/\/chrysal-id.synology.me\/chrysal-id\/wp-content\/uploads\/2024\/06\/20240112_094540-461x1024.jpg","datePublished":"2024-05-30T08:28:34+00:00","dateModified":"2024-06-04T10:36:19+00:00","breadcrumb":{"@id":"https:\/\/chrysal-id.synology.me\/chrysal-id\/?page_id=22#breadcrumb"},"inLanguage":"fr-FR","potentialAction":[{"@type":"ReadAction","target":["https:\/\/chrysal-id.synology.me\/chrysal-id\/?page_id=22"]}]},{"@type":"ImageObject","inLanguage":"fr-FR","@id":"https:\/\/chrysal-id.synology.me\/chrysal-id\/?page_id=22#primaryimage","url":"https:\/\/chrysal-id.synology.me\/chrysal-id\/wp-content\/uploads\/2024\/06\/20240112_094540-scaled.jpg","contentUrl":"https:\/\/chrysal-id.synology.me\/chrysal-id\/wp-content\/uploads\/2024\/06\/20240112_094540-scaled.jpg","width":1152,"height":2560},{"@type":"BreadcrumbList","@id":"https:\/\/chrysal-id.synology.me\/chrysal-id\/?page_id=22#breadcrumb","itemListElement":[{"@type":"ListItem","position":1,"name":"Accueil","item":"https:\/\/chrysal-id.synology.me\/chrysal-id\/"},{"@type":"ListItem","position":2,"name":"Galerie Photos"}]},{"@type":"WebSite","@id":"https:\/\/chrysal-id.synology.me\/chrysal-id\/#website","url":"https:\/\/chrysal-id.synology.me\/chrysal-id\/","name":"","description":"Collaborons ensemble pour donner vie \u00e0 vos projets les plus ambitieux !","potentialAction":[{"@type":"SearchAction","target":{"@type":"EntryPoint","urlTemplate":"https:\/\/chrysal-id.synology.me\/chrysal-id\/?s={search_term_string}"},"query-input":"required name=search_term_string"}],"inLanguage":"fr-FR"}]}},"_links":{"self":[{"href":"https:\/\/chrysal-id.synology.me\/chrysal-id\/index.php?rest_route=\/wp\/v2\/pages\/22"}],"collection":[{"href":"https:\/\/chrysal-id.synology.me\/chrysal-id\/index.php?rest_route=\/wp\/v2\/pages"}],"about":[{"href":"https:\/\/chrysal-id.synology.me\/chrysal-id\/index.php?rest_route=\/wp\/v2\/types\/page"}],"author":[{"embeddable":true,"href":"https:\/\/chrysal-id.synology.me\/chrysal-id\/index.php?rest_route=\/wp\/v2\/users\/2"}],"replies":[{"embeddable":true,"href":"https:\/\/chrysal-id.synology.me\/chrysal-id\/index.php?rest_route=%2Fwp%2Fv2%2Fcomments&post=22"}],"version-history":[{"count":4,"href":"https:\/\/chrysal-id.synology.me\/chrysal-id\/index.php?rest_route=\/wp\/v2\/pages\/22\/revisions"}],"predecessor-version":[{"id":7898,"href":"https:\/\/chrysal-id.synology.me\/chrysal-id\/index.php?rest_route=\/wp\/v2\/pages\/22\/revisions\/7898"}],"wp:attachment":[{"href":"https:\/\/chrysal-id.synology.me\/chrysal-id\/index.php?rest_route=%2Fwp%2Fv2%2Fmedia&parent=22"}],"curies":[{"name":"wp","href":"https:\/\/api.w.org\/{rel}","templated":true}]}}