{"id":9,"date":"2024-05-30T10:11:38","date_gmt":"2024-05-30T08:11:38","guid":{"rendered":"https:\/\/chrysal-id.synology.me\/chrysal-id\/?page_id=9"},"modified":"2024-06-04T10:45:57","modified_gmt":"2024-06-04T08:45:57","slug":"qui-sommes-nous","status":"publish","type":"page","link":"https:\/\/chrysal-id.synology.me\/chrysal-id\/?page_id=9","title":{"rendered":"Qui sommes-nous ?"},"content":{"rendered":"\t\t<div data-elementor-type=\"wp-page\" data-elementor-id=\"9\" class=\"elementor elementor-9\" data-elementor-post-type=\"page\">\n\t\t\t\t<div class=\"elementor-element elementor-element-1b62c94 e-flex e-con-boxed e-con e-parent\" data-id=\"1b62c94\" data-element_type=\"container\">\n\t\t\t\t\t<div class=\"e-con-inner\">\n\t\t<div class=\"elementor-element elementor-element-a0b04e7 e-con-full e-flex e-con e-child\" data-id=\"a0b04e7\" data-element_type=\"container\">\n\t\t\t\t<\/div>\n\t\t<div class=\"elementor-element elementor-element-4123cbf e-con-full e-flex e-con e-child\" data-id=\"4123cbf\" data-element_type=\"container\">\n\t\t\t\t<\/div>\n\t\t\t\t\t<\/div>\n\t\t\t\t<\/div>\n\t\t<div class=\"elementor-element elementor-element-41385cd e-flex e-con-boxed e-con e-parent\" data-id=\"41385cd\" data-element_type=\"container\">\n\t\t\t\t\t<div class=\"e-con-inner\">\n\t\t\t\t<div class=\"elementor-element elementor-element-9b96df1 elementor-widget elementor-widget-html\" data-id=\"9b96df1\" data-element_type=\"widget\" data-widget_type=\"html.default\">\n\t\t\t\t<div class=\"elementor-widget-container\">\n\t\t\t<p>[vc_row color_scheme=\"primary\" us_bg_image=\"5158\" us_bg_parallax=\"horizontal\" us_bg_parallax_width=\"120\" us_bg_overlay_color=\"rgba(0,0,0,0.7)\"][vc_column][us_separator type=\"invisible\" size=\"huge\" icon=\"star\"][vc_column_text]<\/p>\r\n<h1 style=\"text-align: center;\"><strong>NOUS SOMMES UNE AGENCE CREATIVE<\/strong><\/h1>\r\n<p>[\/vc_column_text][us_separator type=\"invisible\" size=\"huge\" icon=\"star\"][\/vc_column][\/vc_row][vc_row][vc_column][vc_column_text]<\/p>\r\n<h2 style=\"text-align: center;\">Notre Histoire - Soci\u00e9t\u00e9 \u00e9v\u00e9nementielle<\/h2>\r\n<p>[\/vc_column_text][vc_tta_tabs layout=\"timeline\" el_class=\"onglet-about\" title=\"2018\"][vc_tta_section active=\"1\" title=\"2005\"][vc_row_inner][vc_column_inner width=\"1\/3\"][us_single_image image=\"5039\" size=\"full\" animate=\"afl\" animate_delay=\"0.4\" img_link_target=\"_self\"][\/vc_column_inner][vc_column_inner width=\"2\/3\"][vc_column_text]<\/p>\r\n<h4>Cr\u00e9ation de la soci\u00e9t\u00e9 \u00ab\u00a0Chrysal-ID\u00a0\u00bb<\/h4>\r\n<p><span style=\"font-family: Arial, sans-serif;\">Lorsque <strong>Nadine Beasche<\/strong> d\u00e9bute sa carri\u00e8re professionnelle dans l'immobilier, <strong>Franck et Eunhee MAES<\/strong> \u00e9taient en \u00e9tudes sup\u00e9rieures au Beaux-Arts. <\/span><\/p>\r\n<p><span style=\"font-family: Arial, sans-serif;\">C'est en 2005 qu'ils fondent la soci\u00e9t\u00e9 <strong>Chrysal-ID<\/strong>, sp\u00e9cialis\u00e9e dans le design d'espaces \u00e9v\u00e9nementiels. Leur but : mettre en valeur un lieu ou un \u00e9v\u00e9nement au travers d'architectures \u00e9ph\u00e9m\u00e8res sur mesure en tissu extensible.<\/span><\/p>\r\n<p><span style=\"font-family: Arial, sans-serif;\">La premi\u00e8re cr\u00e9ation de Chrysal-ID s\u2019appelle \"<em>Chrysalium<\/em>\" et fut un coup de ma\u00eetre lors de son lancement.<\/span><\/p>\r\n<p>[\/vc_column_text][\/vc_column_inner][\/vc_row_inner][\/vc_tta_section][vc_tta_section title=\" 2010\"][vc_row_inner][vc_column_inner width=\"1\/2\"][us_single_image image=\"5042\" size=\"full\" animate=\"afr\" animate_delay=\"0.4\"][\/vc_column_inner][vc_column_inner width=\"1\/2\"][vc_column_text]<\/p>\r\n<h4>Prix SAMEC Trophy \u2013 Cat\u00e9gorie Be Event<\/h4>\r\n<p><span style=\"font-family: Arial, sans-serif;\">Chrysal-ID est r\u00e9compens\u00e9 pour ses innovations techniques et visuelles et a ses premiers galons.<br \/><\/span>[\/vc_column_text][\/vc_column_inner][\/vc_row_inner][\/vc_tta_section][vc_tta_section title=\" 2011\"][vc_row_inner][vc_column_inner width=\"1\/2\"][vc_column_text]<\/p>\r\n<h4>Chrysal'ID labellis\u00e9e par l'Observeur du Design 11<\/h4>\r\n<p>L'<strong>Observeur du Design<\/strong> expose chaque ann\u00e9e depuis 11 ans les meilleures r\u00e9alisations de design internationales.<br \/>Lors de l'inauguration de l'ouverture de cette exposition, en pr\u00e9sence du Ministre charg\u00e9 de l'industrie Mr Christian Estrosi, Chrysal-ID est labellis\u00e9e par l'Observeur du Design 11.<br \/>Dans le cadre de l'\u00e9dition 2011 : \u00ab <em>Le design annonce la couleur<\/em> \u00bb, Chrysal-ID a \u00e9t\u00e9 expos\u00e9\u00a0 jusqu'au 13 mars 2011 \u00e0 la Cit\u00e9 des Sciences et de l'Industrie de Paris.<\/p>\r\n<p>[\/vc_column_text][us_single_image image=\"5046\" size=\"full\" animate=\"afb\" animate_delay=\"0.4\"][\/vc_column_inner][vc_column_inner width=\"1\/2\"][us_single_image image=\"5045\" size=\"full\" animate=\"aft\" animate_delay=\"0.6\"][vc_column_text]<\/p>\r\n<h5 class=\"western\"><span style=\"color: #000000;\"><span style=\"font-family: Arial, sans-serif;\"><span style=\"font-size: medium;\">S\u00e9lectionn\u00e9 pour la Semaine de l\u2019innovation par Lille Design.<\/span><\/span><\/span><\/h5>\r\n<p class=\"western\"><span style=\"font-family: Arial, sans-serif;\">Pour une seconde fois dans l'ann\u00e9e, Chrysal-ID est remarqu\u00e9e et r\u00e9compens\u00e9e pour ses cr\u00e9ations. <\/span><\/p>\r\n<p>[\/vc_column_text][\/vc_column_inner][\/vc_row_inner][\/vc_tta_section][vc_tta_section title=\" 2012\"][vc_row_inner][vc_column_inner width=\"1\/2\"][us_single_image image=\"6043\" size=\"full\" animate=\"afl\" animate_delay=\"0.4\"][\/vc_column_inner][vc_column_inner width=\"1\/2\"][vc_column_text]<\/p>\r\n<h4>Lancement de ID-KIT - Changement de LOGO<\/h4>\r\n<p><span style=\"font-family: Arial, sans-serif;\">Chrysal-ID \u00e9volue et change de look. <\/span><span style=\"font-family: Arial, sans-serif;\">Ce nouveau logo symbolise l'\u00e9panouissement de l'entreprise en lui apportant une touche<\/span><span style=\"font-family: Arial, sans-serif;\">\u00a0moderne et cr\u00e9atif \u00e0 l'image de la soci\u00e9t\u00e9.<\/span><\/p>\r\n<p><span style=\"font-family: Arial, sans-serif;\">La soci\u00e9t\u00e9 s'\u00e9toffe avec une nouvelle \u00e9quipe plus grande en comptant d<\/span><span style=\"font-family: Arial, sans-serif;\">\u00e9sormais 6 employ\u00e9s.<\/span>[\/vc_column_text][\/vc_column_inner][\/vc_row_inner][\/vc_tta_section][vc_tta_section title=\" 2015\"][vc_row_inner][vc_column_inner width=\"1\/2\"][us_single_image image=\"5049\" size=\"full\" animate=\"afr\" animate_delay=\"0.4\"][\/vc_column_inner][vc_column_inner width=\"1\/2\"][vc_column_text]<\/p>\r\n<h4 class=\"western\"><span style=\"color: #000000;\"><span style=\"font-family: Arial, sans-serif;\">Prix Stars et M\u00e9tiers Nord \u2013 Pas de Calais \u2013 Cat\u00e9gorie Strat\u00e9gie Globale d\u2019Innovation<\/span><\/span><\/h4>\r\n<p><span style=\"font-family: Arial, sans-serif;\">Trois designers imaginent, dessinent et habillent des espaces int\u00e9rieurs et ext\u00e9rieurs pour proposer de v\u00e9ritable m\u00e9tamorphoses : travail sur la lumi\u00e8re, utilisation de tissus aux effets surprenants de jour ou de nuit . . .\"<em>Pour r\u00e9ussir, il faut \u00eatre dou\u00e9 de ses mains mais aussi de l'esprit<\/em>\", raconte Nadine Beasche, charg\u00e9e des relations commerciales. On ne compte pas le temps, il faut \u00eatre r\u00e9actif, mais la joie de travailler ensemble et de gagner n'a pas de prix. Tissus intelligents, nouveaux mat\u00e9riaux. . . Chrysal-ID a d\u00e9j\u00e0 des id\u00e9es neuves d'avance<\/span><\/p>\r\n<p>[\/vc_column_text][\/vc_column_inner][\/vc_row_inner][\/vc_tta_section][vc_tta_section title=\"2020\"][us_single_image image=\"7092\" size=\"medium\" align=\"left\" animate=\"afc\" animate_delay=\"\"][vc_column_text]<\/p>\r\n<h4 class=\"western\"><span style=\"color: #000000;\"><span style=\"font-family: Arial, sans-serif;\">Acquisition de la d\u00e9coupe laser !<\/span><\/span><\/h4>\r\n<p><span style=\"font-family: Arial, sans-serif;\">Gr\u00e2ce \u00e0 notre d\u00e9coupe laser mesurant 2.20m x 3.20m, les cr\u00e9ations et les projets sont plus ambitieux et apportent davantage d'originalit\u00e9s !<\/span><\/p>\r\n<p>Cet outil permet d'obtenir un travail pr\u00e9cis, en grand format, sur divers mat\u00e9riaux. (PMMA ; Bois, Tissus ; Papier...)\u00a0 Notre \u00e9quipe peut alors personnaliser \u00e0 volont\u00e9 diff\u00e9rents projets sur mesure en cr\u00e9ant des formes extravagantes, des lettres en bois, des tissus perfor\u00e9s et bien d'autres !<\/p>\r\n<p>[\/vc_row_inner][\/vc_tta_section][vc_tta_section title=\"2024\"][us_single_image image=\"7568\" size=\"medium\" align=\"left\" animate=\"afc\" animate_delay=\"\"][vc_column_text]<\/p>\r\n<h4 class=\"western\"><span style=\"color: #000000;\"><span style=\"font-family: Arial, sans-serif;\">Nouveaut\u00e9 et am\u00e9lioration\u00a0<\/span><\/span><\/h4>\r\n<p>Notre entreprise s'engage plus que jamais \u00e0 poursuivre son chemin vers l'excellence, tout en restant d\u00e9vou\u00e9e \u00e0 servir au mieux nos clients !<\/p>\r\n<p>Nous pr\u00e9parons un tout nouveau site <em><strong>ID-kit<\/strong><\/em> afin de vous apporter un nouvel outil design qui vous permettra de commander et d'\u00e9changer plus simplement avec l'entreprise !<\/p>\r\n<p>[\/vc_column_text][\/vc_tta_section][\/vc_tta_tabs][\/vc_column][\/vc_row][vc_row color_scheme=\"alternate\" class=\"Extraclass\" el_id=\"Extraid\"][vc_column][vc_column_text]<\/p>\r\n<h3 style=\"text-align: center;\">Notre\u00a0<strong>passion<\/strong>\u00a0au service de nos <strong>clients<\/strong><\/h3>\r\n<p>[\/vc_column_text][us_separator type=\"short\" icon=\"heart-o\"][vc_row_inner class=\"bla bla\"][vc_column_inner animate=\"wfc\" width=\"1\/4\"][us_counter target=\"98\" title=\"de retour positif\" suffix=\"%\"][\/vc_column_inner][vc_column_inner animate=\"wfc\" animate_delay=\"0.2\" width=\"1\/4\"][us_counter target=\"8265\" color=\"primary\" title=\"Clients\"][\/vc_column_inner][vc_column_inner animate=\"wfc\" animate_delay=\"0.4\" width=\"1\/4\"][us_counter target=\"225000\" color=\"secondary\" title=\"km de fils\"][\/vc_column_inner][vc_column_inner animate=\"wfc\" animate_delay=\"0.6\" width=\"1\/4\"][us_counter target=\"5730\" color=\"primary\" title=\"Caf\u00e9s par mois\"][\/vc_column_inner][\/vc_row_inner][\/vc_column][\/vc_row][vc_row][vc_column][vc_column_text]<\/p>\r\n<h2 style=\"text-align: center;\">Notre Equipe<\/h2>\r\n<p>[\/vc_column_text][us_separator type=\"invisible\" icon=\"star\"][vc_row_inner][vc_column_inner animate=\"afc\" animate_delay=\"0.2\" width=\"1\/2\"][us_person image=\"5285\" name=\"Franck\" role=\"\" email=\"chrysal-id@chrysal-id.com\"][\/us_person][\/vc_column_inner][vc_column_inner animate=\"afc\" animate_delay=\"0.4\" width=\"1\/2\"][us_person image=\"7014\" name=\"Eunhee\" role=\"\" email=\"chrysal-id@chrysal-id.com\"][\/us_person][\/vc_column_inner][\/vc_row_inner][us_separator type=\"invisible\" icon=\"star\"][vc_row_inner][vc_column_inner animate=\"afc\" animate_delay=\"0.2\" width=\"1\/2\"][us_person image=\"5290\" name=\"Maxime\" role=\"\" email=\"chrysal-id@chrysal-id.com\"][\/us_person][\/vc_column_inner][vc_column_inner animate=\"afc\" animate_delay=\"0.4\" width=\"1\/2\"][us_person image=\"6728\" name=\"No\u00e9mie\" role=\"\" email=\"chrysal-id@chrysal-id.com\"][\/us_person][\/vc_column_inner][\/vc_row_inner][vc_row_inner][vc_column_inner animate=\"afc\" animate_delay=\"0.2\" width=\"1\/2\"][us_person image=\"6733\" name=\"Jeoffrey\" role=\"\" email=\"chrysal-id@chrysal-id.com\"][\/us_person][\/vc_column_inner][vc_column_inner animate=\"afc\" animate_delay=\"0.4\" width=\"1\/2\"][us_person image=\"7071\" name=\"Marion\" role=\"\" email=\"marion@chrysal-id.com\"][\/us_person][\/vc_column_inner][vc_column_inner][\/vc_column_inner][\/vc_row_inner][\/vc_column][\/vc_row][vc_row color_scheme=\"alternate\"][vc_column][vc_column_text]<\/p>\r\n<p>[vc_column animate=\"fade\"][us_cta title=\"Un devis, une question ? Notre \u00e9quipe est \u00e0 votre disposition !\" color=\"secondary\" btn_link=\"url:https%3A%2F%2Fwww.chrysal-id.com%2Fcontact%2F||\" btn_label=\"Contactez-nous\" btn_style=\"outlined\" btn_color=\"white\" btn_size=\"large\"][\/vc_column][\/vc_row]<\/p>\t\t<\/div>\n\t\t\t\t<\/div>\n\t\t\t\t\t<\/div>\n\t\t\t\t<\/div>\n\t\t\t\t<\/div>\n\t\t","protected":false},"excerpt":{"rendered":"<p>[vc_row color_scheme=\u00a0\u00bbprimary\u00a0\u00bb us_bg_image=\u00a0\u00bb5158&Prime; us_bg_parallax=\u00a0\u00bbhorizontal\u00a0\u00bb us_bg_parallax_width=\u00a0\u00bb120&Prime; us_bg_overlay_color=\u00a0\u00bbrgba(0,0,0,0.7)\u00a0\u00bb][vc_column][us_separator type=\u00a0\u00bbinvisible\u00a0\u00bb size=\u00a0\u00bbhuge\u00a0\u00bb icon=\u00a0\u00bbstar\u00a0\u00bb][vc_column_text] NOUS SOMMES UNE AGENCE CREATIVE [\/vc_column_text][us_separator type=\u00a0\u00bbinvisible\u00a0\u00bb size=\u00a0\u00bbhuge\u00a0\u00bb icon=\u00a0\u00bbstar\u00a0\u00bb][\/vc_column][\/vc_row][vc_row][vc_column][vc_column_text] Notre Histoire &#8211; Soci\u00e9t\u00e9 \u00e9v\u00e9nementielle [\/vc_column_text][vc_tta_tabs layout=\u00a0\u00bbtimeline\u00a0\u00bb el_class=\u00a0\u00bbonglet-about\u00a0\u00bb title=\u00a0\u00bb2018&Prime;][vc_tta_section active=\u00a0\u00bb1&Prime; title=\u00a0\u00bb2005&Prime;][vc_row_inner][vc_column_inner width=\u00a0\u00bb1\/3&Prime;][us_single_image image=\u00a0\u00bb5039&Prime; size=\u00a0\u00bbfull\u00a0\u00bb animate=\u00a0\u00bbafl\u00a0\u00bb animate_delay=\u00a0\u00bb0.4&Prime; img_link_target=\u00a0\u00bb_self\u00a0\u00bb][\/vc_column_inner][vc_column_inner width=\u00a0\u00bb2\/3&Prime;][vc_column_text] Cr\u00e9ation de la soci\u00e9t\u00e9 \u00ab\u00a0Chrysal-ID\u00a0\u00bb Lorsque Nadine Beasche d\u00e9bute sa carri\u00e8re professionnelle dans l&rsquo;immobilier, Franck et Eunhee MAES \u00e9taient &hellip; <\/p>\n<p class=\"link-more\"><a href=\"https:\/\/chrysal-id.synology.me\/chrysal-id\/?page_id=9\" class=\"more-link\">Continuer la lecture<span class=\"screen-reader-text\"> de &laquo;&nbsp;Qui sommes-nous ?&nbsp;&raquo;<\/span><\/a><\/p>\n","protected":false},"author":2,"featured_media":0,"parent":0,"menu_order":0,"comment_status":"closed","ping_status":"closed","template":"","meta":{"footnotes":""},"yoast_head":"<!-- This site is optimized with the Yoast SEO plugin v22.8 - https:\/\/yoast.com\/wordpress\/plugins\/seo\/ -->\n<title>Qui sommes-nous ? -<\/title>\n<meta name=\"robots\" content=\"noindex, follow, max-snippet:-1, max-image-preview:large, max-video-preview:-1\" \/>\n<meta property=\"og:locale\" content=\"fr_FR\" \/>\n<meta property=\"og:type\" content=\"article\" \/>\n<meta property=\"og:title\" content=\"Qui sommes-nous ? -\" \/>\n<meta property=\"og:description\" content=\"[vc_row color_scheme=\u00a0\u00bbprimary\u00a0\u00bb us_bg_image=\u00a0\u00bb5158&Prime; us_bg_parallax=\u00a0\u00bbhorizontal\u00a0\u00bb us_bg_parallax_width=\u00a0\u00bb120&Prime; us_bg_overlay_color=\u00a0\u00bbrgba(0,0,0,0.7)\u00a0\u00bb][vc_column][us_separator type=\u00a0\u00bbinvisible\u00a0\u00bb size=\u00a0\u00bbhuge\u00a0\u00bb icon=\u00a0\u00bbstar\u00a0\u00bb][vc_column_text] NOUS SOMMES UNE AGENCE CREATIVE [\/vc_column_text][us_separator type=\u00a0\u00bbinvisible\u00a0\u00bb size=\u00a0\u00bbhuge\u00a0\u00bb icon=\u00a0\u00bbstar\u00a0\u00bb][\/vc_column][\/vc_row][vc_row][vc_column][vc_column_text] Notre Histoire &#8211; Soci\u00e9t\u00e9 \u00e9v\u00e9nementielle [\/vc_column_text][vc_tta_tabs layout=\u00a0\u00bbtimeline\u00a0\u00bb el_class=\u00a0\u00bbonglet-about\u00a0\u00bb title=\u00a0\u00bb2018&Prime;][vc_tta_section active=\u00a0\u00bb1&Prime; title=\u00a0\u00bb2005&Prime;][vc_row_inner][vc_column_inner width=\u00a0\u00bb1\/3&Prime;][us_single_image image=\u00a0\u00bb5039&Prime; size=\u00a0\u00bbfull\u00a0\u00bb animate=\u00a0\u00bbafl\u00a0\u00bb animate_delay=\u00a0\u00bb0.4&Prime; img_link_target=\u00a0\u00bb_self\u00a0\u00bb][\/vc_column_inner][vc_column_inner width=\u00a0\u00bb2\/3&Prime;][vc_column_text] Cr\u00e9ation de la soci\u00e9t\u00e9 \u00ab\u00a0Chrysal-ID\u00a0\u00bb Lorsque Nadine Beasche d\u00e9bute sa carri\u00e8re professionnelle dans l&rsquo;immobilier, Franck et Eunhee MAES \u00e9taient &hellip; Continuer la lecture de &laquo;&nbsp;Qui sommes-nous ?&nbsp;&raquo;\" \/>\n<meta property=\"og:url\" content=\"https:\/\/chrysal-id.synology.me\/chrysal-id\/?page_id=9\" \/>\n<meta property=\"article:modified_time\" content=\"2024-06-04T08:45:57+00:00\" \/>\n<meta name=\"twitter:card\" content=\"summary_large_image\" \/>\n<meta name=\"twitter:label1\" content=\"Dur\u00e9e de lecture estim\u00e9e\" \/>\n\t<meta name=\"twitter:data1\" content=\"4 minutes\" \/>\n<script type=\"application\/ld+json\" class=\"yoast-schema-graph\">{\"@context\":\"https:\/\/schema.org\",\"@graph\":[{\"@type\":\"WebPage\",\"@id\":\"https:\/\/chrysal-id.synology.me\/chrysal-id\/?page_id=9\",\"url\":\"https:\/\/chrysal-id.synology.me\/chrysal-id\/?page_id=9\",\"name\":\"Qui sommes-nous ? -\",\"isPartOf\":{\"@id\":\"https:\/\/chrysal-id.synology.me\/chrysal-id\/#website\"},\"datePublished\":\"2024-05-30T08:11:38+00:00\",\"dateModified\":\"2024-06-04T08:45:57+00:00\",\"breadcrumb\":{\"@id\":\"https:\/\/chrysal-id.synology.me\/chrysal-id\/?page_id=9#breadcrumb\"},\"inLanguage\":\"fr-FR\",\"potentialAction\":[{\"@type\":\"ReadAction\",\"target\":[\"https:\/\/chrysal-id.synology.me\/chrysal-id\/?page_id=9\"]}]},{\"@type\":\"BreadcrumbList\",\"@id\":\"https:\/\/chrysal-id.synology.me\/chrysal-id\/?page_id=9#breadcrumb\",\"itemListElement\":[{\"@type\":\"ListItem\",\"position\":1,\"name\":\"Accueil\",\"item\":\"https:\/\/chrysal-id.synology.me\/chrysal-id\/\"},{\"@type\":\"ListItem\",\"position\":2,\"name\":\"Qui sommes-nous ?\"}]},{\"@type\":\"WebSite\",\"@id\":\"https:\/\/chrysal-id.synology.me\/chrysal-id\/#website\",\"url\":\"https:\/\/chrysal-id.synology.me\/chrysal-id\/\",\"name\":\"\",\"description\":\"Collaborons ensemble pour donner vie \u00e0 vos projets les plus ambitieux !\",\"potentialAction\":[{\"@type\":\"SearchAction\",\"target\":{\"@type\":\"EntryPoint\",\"urlTemplate\":\"https:\/\/chrysal-id.synology.me\/chrysal-id\/?s={search_term_string}\"},\"query-input\":\"required name=search_term_string\"}],\"inLanguage\":\"fr-FR\"}]}<\/script>\n<!-- \/ Yoast SEO plugin. -->","yoast_head_json":{"title":"Qui sommes-nous ? -","robots":{"index":"noindex","follow":"follow","max-snippet":"max-snippet:-1","max-image-preview":"max-image-preview:large","max-video-preview":"max-video-preview:-1"},"og_locale":"fr_FR","og_type":"article","og_title":"Qui sommes-nous ? -","og_description":"[vc_row color_scheme=\u00a0\u00bbprimary\u00a0\u00bb us_bg_image=\u00a0\u00bb5158&Prime; us_bg_parallax=\u00a0\u00bbhorizontal\u00a0\u00bb us_bg_parallax_width=\u00a0\u00bb120&Prime; us_bg_overlay_color=\u00a0\u00bbrgba(0,0,0,0.7)\u00a0\u00bb][vc_column][us_separator type=\u00a0\u00bbinvisible\u00a0\u00bb size=\u00a0\u00bbhuge\u00a0\u00bb icon=\u00a0\u00bbstar\u00a0\u00bb][vc_column_text] NOUS SOMMES UNE AGENCE CREATIVE [\/vc_column_text][us_separator type=\u00a0\u00bbinvisible\u00a0\u00bb size=\u00a0\u00bbhuge\u00a0\u00bb icon=\u00a0\u00bbstar\u00a0\u00bb][\/vc_column][\/vc_row][vc_row][vc_column][vc_column_text] Notre Histoire &#8211; Soci\u00e9t\u00e9 \u00e9v\u00e9nementielle [\/vc_column_text][vc_tta_tabs layout=\u00a0\u00bbtimeline\u00a0\u00bb el_class=\u00a0\u00bbonglet-about\u00a0\u00bb title=\u00a0\u00bb2018&Prime;][vc_tta_section active=\u00a0\u00bb1&Prime; title=\u00a0\u00bb2005&Prime;][vc_row_inner][vc_column_inner width=\u00a0\u00bb1\/3&Prime;][us_single_image image=\u00a0\u00bb5039&Prime; size=\u00a0\u00bbfull\u00a0\u00bb animate=\u00a0\u00bbafl\u00a0\u00bb animate_delay=\u00a0\u00bb0.4&Prime; img_link_target=\u00a0\u00bb_self\u00a0\u00bb][\/vc_column_inner][vc_column_inner width=\u00a0\u00bb2\/3&Prime;][vc_column_text] Cr\u00e9ation de la soci\u00e9t\u00e9 \u00ab\u00a0Chrysal-ID\u00a0\u00bb Lorsque Nadine Beasche d\u00e9bute sa carri\u00e8re professionnelle dans l&rsquo;immobilier, Franck et Eunhee MAES \u00e9taient &hellip; Continuer la lecture de &laquo;&nbsp;Qui sommes-nous ?&nbsp;&raquo;","og_url":"https:\/\/chrysal-id.synology.me\/chrysal-id\/?page_id=9","article_modified_time":"2024-06-04T08:45:57+00:00","twitter_card":"summary_large_image","twitter_misc":{"Dur\u00e9e de lecture estim\u00e9e":"4 minutes"},"schema":{"@context":"https:\/\/schema.org","@graph":[{"@type":"WebPage","@id":"https:\/\/chrysal-id.synology.me\/chrysal-id\/?page_id=9","url":"https:\/\/chrysal-id.synology.me\/chrysal-id\/?page_id=9","name":"Qui sommes-nous ? -","isPartOf":{"@id":"https:\/\/chrysal-id.synology.me\/chrysal-id\/#website"},"datePublished":"2024-05-30T08:11:38+00:00","dateModified":"2024-06-04T08:45:57+00:00","breadcrumb":{"@id":"https:\/\/chrysal-id.synology.me\/chrysal-id\/?page_id=9#breadcrumb"},"inLanguage":"fr-FR","potentialAction":[{"@type":"ReadAction","target":["https:\/\/chrysal-id.synology.me\/chrysal-id\/?page_id=9"]}]},{"@type":"BreadcrumbList","@id":"https:\/\/chrysal-id.synology.me\/chrysal-id\/?page_id=9#breadcrumb","itemListElement":[{"@type":"ListItem","position":1,"name":"Accueil","item":"https:\/\/chrysal-id.synology.me\/chrysal-id\/"},{"@type":"ListItem","position":2,"name":"Qui sommes-nous ?"}]},{"@type":"WebSite","@id":"https:\/\/chrysal-id.synology.me\/chrysal-id\/#website","url":"https:\/\/chrysal-id.synology.me\/chrysal-id\/","name":"","description":"Collaborons ensemble pour donner vie \u00e0 vos projets les plus ambitieux !","potentialAction":[{"@type":"SearchAction","target":{"@type":"EntryPoint","urlTemplate":"https:\/\/chrysal-id.synology.me\/chrysal-id\/?s={search_term_string}"},"query-input":"required name=search_term_string"}],"inLanguage":"fr-FR"}]}},"_links":{"self":[{"href":"https:\/\/chrysal-id.synology.me\/chrysal-id\/index.php?rest_route=\/wp\/v2\/pages\/9"}],"collection":[{"href":"https:\/\/chrysal-id.synology.me\/chrysal-id\/index.php?rest_route=\/wp\/v2\/pages"}],"about":[{"href":"https:\/\/chrysal-id.synology.me\/chrysal-id\/index.php?rest_route=\/wp\/v2\/types\/page"}],"author":[{"embeddable":true,"href":"https:\/\/chrysal-id.synology.me\/chrysal-id\/index.php?rest_route=\/wp\/v2\/users\/2"}],"replies":[{"embeddable":true,"href":"https:\/\/chrysal-id.synology.me\/chrysal-id\/index.php?rest_route=%2Fwp%2Fv2%2Fcomments&post=9"}],"version-history":[{"count":10,"href":"https:\/\/chrysal-id.synology.me\/chrysal-id\/index.php?rest_route=\/wp\/v2\/pages\/9\/revisions"}],"predecessor-version":[{"id":7832,"href":"https:\/\/chrysal-id.synology.me\/chrysal-id\/index.php?rest_route=\/wp\/v2\/pages\/9\/revisions\/7832"}],"wp:attachment":[{"href":"https:\/\/chrysal-id.synology.me\/chrysal-id\/index.php?rest_route=%2Fwp%2Fv2%2Fmedia&parent=9"}],"curies":[{"name":"wp","href":"https:\/\/api.w.org\/{rel}","templated":true}]}}